{"id":372,"date":"2025-12-05T00:40:55","date_gmt":"2025-12-05T01:40:55","guid":{"rendered":"https:\/\/296servicos.pt\/?page_id=372"},"modified":"2025-12-05T16:53:19","modified_gmt":"2025-12-05T17:53:19","slug":"contactos","status":"publish","type":"page","link":"https:\/\/296servicos.pt\/en\/contactos\/","title":{"rendered":"CONTACTS"},"content":{"rendered":"<div data-elementor-type=\"wp-page\" data-elementor-id=\"372\" class=\"elementor elementor-372\" data-elementor-post-type=\"page\">\n\t\t\t\t<div class=\"elementor-element elementor-element-74b1537b e-con-full e-flex e-con e-parent\" data-id=\"74b1537b\" data-element_type=\"container\" data-e-type=\"container\" data-settings=\"{&quot;background_background&quot;:&quot;classic&quot;}\">\n\t\t<div class=\"elementor-element elementor-element-3648cdc3 e-flex e-con-boxed e-con e-child\" data-id=\"3648cdc3\" data-element_type=\"container\" data-e-type=\"container\">\n\t\t\t\t\t<div class=\"e-con-inner\">\n\t\t\t\t<div class=\"elementor-element elementor-element-82b503d elementor-widget elementor-widget-heading\" data-id=\"82b503d\" data-element_type=\"widget\" data-e-type=\"widget\" data-widget_type=\"heading.default\">\n\t\t\t\t\t<h1 class=\"elementor-heading-title elementor-size-default\">CONTACTS<\/h1>\t\t\t\t<\/div>\n\t\t\t\t\t<\/div>\n\t\t\t\t<\/div>\n\t\t<div class=\"elementor-element elementor-element-6db2397 e-con-full e-flex e-con e-child\" data-id=\"6db2397\" data-element_type=\"container\" data-e-type=\"container\">\n\t\t\t\t<div class=\"elementor-element elementor-element-5091ed1 elementor-widget elementor-widget-image\" data-id=\"5091ed1\" data-element_type=\"widget\" data-e-type=\"widget\" data-widget_type=\"image.default\">\n\t\t\t\t\t\t\t\t\t\t\t\t\t\t\t<img fetchpriority=\"high\" decoding=\"async\" width=\"357\" height=\"229\" src=\"https:\/\/296servicos.pt\/wp-content\/uploads\/2025\/12\/corner.png\" class=\"attachment-large size-large wp-image-108\" alt=\"\" srcset=\"https:\/\/296servicos.pt\/wp-content\/uploads\/2025\/12\/corner.png 357w, https:\/\/296servicos.pt\/wp-content\/uploads\/2025\/12\/corner-300x192.png 300w, https:\/\/296servicos.pt\/wp-content\/uploads\/2025\/12\/corner-18x12.png 18w\" sizes=\"(max-width: 357px) 100vw, 357px\" \/>\t\t\t\t\t\t\t\t\t\t\t\t\t\t\t<\/div>\n\t\t\t\t<\/div>\n\t\t\t\t<\/div>\n\t\t<div class=\"elementor-element elementor-element-38f0b95b e-flex e-con-boxed e-con e-parent\" data-id=\"38f0b95b\" data-element_type=\"container\" data-e-type=\"container\">\n\t\t\t\t\t<div class=\"e-con-inner\">\n\t\t<div class=\"elementor-element elementor-element-6b9a8d72 e-con-full e-flex e-con e-child\" data-id=\"6b9a8d72\" data-element_type=\"container\" data-e-type=\"container\">\n\t\t<div class=\"elementor-element elementor-element-f5272b6 e-grid e-con-full e-con e-child\" data-id=\"f5272b6\" data-element_type=\"container\" data-e-type=\"container\">\n\t\t<div class=\"elementor-element elementor-element-6f9c0ed4 e-con-full animated-slow e-flex elementor-invisible e-con e-child\" data-id=\"6f9c0ed4\" data-element_type=\"container\" data-e-type=\"container\" data-settings=\"{&quot;background_background&quot;:&quot;classic&quot;,&quot;animation&quot;:&quot;fadeInUp&quot;,&quot;animation_delay&quot;:100}\">\n\t\t\t\t<div class=\"elementor-element elementor-element-1535f295 elementor-position-inline-start elementor-view-default elementor-mobile-position-block-start elementor-widget elementor-widget-icon-box\" data-id=\"1535f295\" data-element_type=\"widget\" data-e-type=\"widget\" data-widget_type=\"icon-box.default\">\n\t\t\t\t\t\t\t<div class=\"elementor-icon-box-wrapper\">\n\n\t\t\t\t\t\t<div class=\"elementor-icon-box-icon\">\n\t\t\t\t<span  class=\"elementor-icon\">\n\t\t\t\t<svg xmlns=\"http:\/\/www.w3.org\/2000\/svg\" id=\"Layer_1\" height=\"512\" viewbox=\"0 0 512 512\" width=\"512\" data-name=\"Layer 1\"><path d=\"m486.084 353.375-77.748-46.27a43.987 43.987 0 0 0 -53.619 6.676c-9.371 9.356-16.836 16.482-22.189 21.18a11.18 11.18 0 0 1 -8.869 2.953c-29.034-2.281-65.279-22.555-96.957-54.231s-51.953-67.923-54.237-96.958a11.187 11.187 0 0 1 2.95-8.873c4.7-5.352 11.825-12.818 21.182-22.191a43.989 43.989 0 0 0 6.677-53.618l-46.274-77.751a43.966 43.966 0 0 0 -56.1-17.535l-75.135 34.281a43.837 43.837 0 0 0 -25.411 45.527c12.675 101.087 63.523 200.626 143.178 280.281s179.193 130.5 280.28 143.178a44.885 44.885 0 0 0 5.574.349 43.814 43.814 0 0 0 39.954-25.757l34.279-75.137a43.962 43.962 0 0 0 -17.535-56.104zm-11.578 42.825-34.279 75.137a11.688 11.688 0 0 1 -12.433 6.94c-193.875-24.314-371.38-201.819-395.694-395.693a11.683 11.683 0 0 1 6.947-12.434l75.136-34.279a12.247 12.247 0 0 1 5.092-1.124 11.859 11.859 0 0 1 10.225 5.911l46.272 77.751a11.725 11.725 0 0 1 -1.823 14.643c-9.979 9.994-17.368 17.743-22.588 23.691a43.1 43.1 0 0 0 -10.8 32.491c2.864 36.405 26.607 80.172 63.512 117.076s80.673 60.645 117.079 63.505a43.088 43.088 0 0 0 32.484-10.8c5.947-5.22 13.7-12.608 23.689-22.586a11.725 11.725 0 0 1 14.644-1.822l77.748 46.271a11.861 11.861 0 0 1 4.789 15.322zm-130.295-226.645a104.7 104.7 0 0 1 29.376 56.814 16 16 0 1 1 -31.548 5.351 73.417 73.417 0 0 0 -62-60.3 16 16 0 1 1 4.481-31.684 104.5 104.5 0 0 1 59.691 29.819zm-77.883-84.85a16.008 16.008 0 0 1 17.212-14.689 174.608 174.608 0 0 1 159.985 157.522 16 16 0 0 1 -14.425 17.435q-.769.072-1.526.072a16 16 0 0 1 -15.91-14.494 142.607 142.607 0 0 0 -130.647-128.634 16 16 0 0 1 -14.689-17.212zm-.028-67.966a15.993 15.993 0 0 1 16.861-15.093 242.776 242.776 0 0 1 228.8 226.346 16 16 0 0 1 -14.912 17.018c-.358.023-.715.035-1.069.035a16 16 0 0 1 -15.945-14.945 210.776 210.776 0 0 0 -198.635-196.5 16 16 0 0 1 -15.1-16.861z\"><\/path><\/svg>\t\t\t\t<\/span>\n\t\t\t<\/div>\n\t\t\t\n\t\t\t\t\t\t<div class=\"elementor-icon-box-content\">\n\n\t\t\t\t\t\t\t\t\t<h3 class=\"elementor-icon-box-title\">\n\t\t\t\t\t\t<span  >\n\t\t\t\t\t\t\tCall us\t\t\t\t\t\t<\/span>\n\t\t\t\t\t<\/h3>\n\t\t\t\t\n\t\t\t\t\n\t\t\t<\/div>\n\t\t\t\n\t\t<\/div>\n\t\t\t\t\t\t<\/div>\n\t\t\t\t<div class=\"elementor-element elementor-element-111229a elementor-mobile-align-center elementor-icon-list--layout-traditional elementor-list-item-link-full_width elementor-widget elementor-widget-icon-list\" data-id=\"111229a\" data-element_type=\"widget\" data-e-type=\"widget\" data-widget_type=\"icon-list.default\">\n\t\t\t\t\t\t\t<ul class=\"elementor-icon-list-items\">\n\t\t\t\t\t\t\t<li class=\"elementor-icon-list-item\">\n\t\t\t\t\t\t\t\t\t\t\t<a href=\"tel:+351296248200\">\n\n\t\t\t\t\t\t\t\t\t\t\t\t<span class=\"elementor-icon-list-icon\">\n\t\t\t\t\t\t\t<svg xmlns=\"http:\/\/www.w3.org\/2000\/svg\" height=\"512\" viewbox=\"0 0 32 32\" width=\"512\"><g id=\"Layer_3\" data-name=\"Layer 3\"><path d=\"m30.035 22.594c-.053-.044-6.042-4.33-7.667-4.049-.781.138-1.228.67-2.123 1.737-.144.172-.491.583-.759.876a12.458 12.458 0 0 1 -1.651-.672 13.7 13.7 0 0 1 -6.321-6.321 12.458 12.458 0 0 1 -.672-1.651c.294-.269.706-.616.882-.764 1.061-.89 1.593-1.337 1.731-2.119.283-1.619-4.005-7.613-4.049-7.667a2.289 2.289 0 0 0 -1.706-.964c-1.738 0-6.7 6.436-6.7 7.521 0 .063.091 6.467 7.988 14.5 8.024 7.888 14.428 7.979 14.491 7.979 1.085 0 7.521-4.962 7.521-6.7a2.287 2.287 0 0 0 -.965-1.706zm-6.666 6.4c-.874-.072-6.248-.781-12.967-7.382-6.635-6.755-7.326-12.144-7.395-12.979a27.054 27.054 0 0 1 4.706-5.561c.04.04.093.1.161.178a35.391 35.391 0 0 1 3.574 6.063 11.886 11.886 0 0 1 -1.016.911 10.033 10.033 0 0 0 -1.512 1.422l-.243.34.072.411a11.418 11.418 0 0 0 .965 2.641 15.71 15.71 0 0 0 7.248 7.247 11.389 11.389 0 0 0 2.641.966l.411.072.34-.243a10.117 10.117 0 0 0 1.428-1.518c.313-.374.732-.873.89-1.014a35.163 35.163 0 0 1 6.078 3.578c.083.07.141.124.18.159a27.031 27.031 0 0 1 -5.561 4.707z\"><\/path><\/g><\/svg>\t\t\t\t\t\t<\/span>\n\t\t\t\t\t\t\t\t\t\t<span class=\"elementor-icon-list-text\">(+351) 296\u00a0248\u00a0200*<\/span>\n\t\t\t\t\t\t\t\t\t\t\t<\/a>\n\t\t\t\t\t\t\t\t\t<\/li>\n\t\t\t\t\t\t\t\t<li class=\"elementor-icon-list-item\">\n\t\t\t\t\t\t\t\t\t\t\t<a href=\"tel:+351962376766\">\n\n\t\t\t\t\t\t\t\t\t\t\t\t<span class=\"elementor-icon-list-icon\">\n\t\t\t\t\t\t\t<i aria-hidden=\"true\" class=\"icon icon-smartphone\"><\/i>\t\t\t\t\t\t<\/span>\n\t\t\t\t\t\t\t\t\t\t<span class=\"elementor-icon-list-text\">(+351) 962 376 766**<\/span>\n\t\t\t\t\t\t\t\t\t\t\t<\/a>\n\t\t\t\t\t\t\t\t\t<\/li>\n\t\t\t\t\t\t<\/ul>\n\t\t\t\t\t\t<\/div>\n\t\t\t\t<\/div>\n\t\t<div class=\"elementor-element elementor-element-32c1ce19 e-con-full animated-slow e-flex elementor-invisible e-con e-child\" data-id=\"32c1ce19\" data-element_type=\"container\" data-e-type=\"container\" data-settings=\"{&quot;background_background&quot;:&quot;classic&quot;,&quot;animation&quot;:&quot;fadeInUp&quot;,&quot;animation_delay&quot;:200}\">\n\t\t\t\t<div class=\"elementor-element elementor-element-70bae5de elementor-position-inline-start elementor-view-default elementor-mobile-position-block-start elementor-widget elementor-widget-icon-box\" data-id=\"70bae5de\" data-element_type=\"widget\" data-e-type=\"widget\" data-widget_type=\"icon-box.default\">\n\t\t\t\t\t\t\t<div class=\"elementor-icon-box-wrapper\">\n\n\t\t\t\t\t\t<div class=\"elementor-icon-box-icon\">\n\t\t\t\t<span  class=\"elementor-icon\">\n\t\t\t\t<svg xmlns=\"http:\/\/www.w3.org\/2000\/svg\" xmlns:xlink=\"http:\/\/www.w3.org\/1999\/xlink\" id=\"Capa_1\" x=\"0px\" y=\"0px\" viewbox=\"0 0 512 512\" style=\"enable-background:new 0 0 512 512;\" xml:space=\"preserve\"><g>\t<g>\t\t<path d=\"M467,76H45C20.238,76,0,96.149,0,121v270c0,24.86,20.251,45,45,45h422c24.762,0,45-20.149,45-45V121   C512,96.143,491.752,76,467,76z M460.09,106c-14.549,14.597-185.445,186.05-192.466,193.094c-5.864,5.882-17.381,5.886-23.248,0   L51.91,106H460.09z M30,385.485v-258.97L159.065,256L30,385.485z M51.91,406l128.334-128.752l42.885,43.025   c17.574,17.631,48.175,17.624,65.743,0l42.885-43.024L460.09,406H51.91z M482,385.485L352.935,256L482,126.515V385.485z\"><\/path>\t<\/g><\/g><g><\/g><g><\/g><g><\/g><g><\/g><g><\/g><g><\/g><g><\/g><g><\/g><g><\/g><g><\/g><g><\/g><g><\/g><g><\/g><g><\/g><g><\/g><\/svg>\t\t\t\t<\/span>\n\t\t\t<\/div>\n\t\t\t\n\t\t\t\t\t\t<div class=\"elementor-icon-box-content\">\n\n\t\t\t\t\t\t\t\t\t<h3 class=\"elementor-icon-box-title\">\n\t\t\t\t\t\t<span  >\n\t\t\t\t\t\t\tTalk to us\t\t\t\t\t\t<\/span>\n\t\t\t\t\t<\/h3>\n\t\t\t\t\n\t\t\t\t\t\t\t\t\t<p class=\"elementor-icon-box-description\">\n\t\t\t\t\t\tgeral@296grupo.com\t\t\t\t\t<\/p>\n\t\t\t\t\n\t\t\t<\/div>\n\t\t\t\n\t\t<\/div>\n\t\t\t\t\t\t<\/div>\n\t\t\t\t<\/div>\n\t\t<div class=\"elementor-element elementor-element-43e61b43 e-con-full animated-slow e-flex elementor-invisible e-con e-child\" data-id=\"43e61b43\" data-element_type=\"container\" data-e-type=\"container\" data-settings=\"{&quot;background_background&quot;:&quot;classic&quot;,&quot;animation&quot;:&quot;fadeInUp&quot;,&quot;animation_delay&quot;:300}\">\n\t\t\t\t<div class=\"elementor-element elementor-element-503194d5 elementor-position-inline-start elementor-view-default elementor-mobile-position-block-start elementor-widget elementor-widget-icon-box\" data-id=\"503194d5\" data-element_type=\"widget\" data-e-type=\"widget\" data-widget_type=\"icon-box.default\">\n\t\t\t\t\t\t\t<div class=\"elementor-icon-box-wrapper\">\n\n\t\t\t\t\t\t<div class=\"elementor-icon-box-icon\">\n\t\t\t\t<span  class=\"elementor-icon\">\n\t\t\t\t<i aria-hidden=\"true\" class=\"icon icon-map-marker1\"><\/i>\t\t\t\t<\/span>\n\t\t\t<\/div>\n\t\t\t\n\t\t\t\t\t\t<div class=\"elementor-icon-box-content\">\n\n\t\t\t\t\t\t\t\t\t<h3 class=\"elementor-icon-box-title\">\n\t\t\t\t\t\t<span  >\n\t\t\t\t\t\t\tAddress\t\t\t\t\t\t<\/span>\n\t\t\t\t\t<\/h3>\n\t\t\t\t\n\t\t\t\t\t\t\t\t\t<p class=\"elementor-icon-box-description\">\n\t\t\t\t\t\tRua Direita do Ramalho 69 A, 9500-180 Ponta Delgada\t\t\t\t\t<\/p>\n\t\t\t\t\n\t\t\t<\/div>\n\t\t\t\n\t\t<\/div>\n\t\t\t\t\t\t<\/div>\n\t\t\t\t<\/div>\n\t\t\t\t<\/div>\n\t\t<div class=\"elementor-element elementor-element-608baa91 e-con-full e-flex e-con e-child\" data-id=\"608baa91\" data-element_type=\"container\" data-e-type=\"container\">\n\t\t<div class=\"elementor-element elementor-element-211a7c54 e-con-full e-flex e-con e-child\" data-id=\"211a7c54\" data-element_type=\"container\" data-e-type=\"container\">\n\t\t<div class=\"elementor-element elementor-element-8c6931b e-con-full e-flex e-con e-child\" data-id=\"8c6931b\" data-element_type=\"container\" data-e-type=\"container\">\n\t\t\t\t<div class=\"elementor-element elementor-element-2e9a39b elementor-widget elementor-widget-heading\" data-id=\"2e9a39b\" data-element_type=\"widget\" data-e-type=\"widget\" data-widget_type=\"heading.default\">\n\t\t\t\t\t<h2 class=\"elementor-heading-title elementor-size-default\">find out<\/h2>\t\t\t\t<\/div>\n\t\t\t\t<div class=\"elementor-element elementor-element-2ed8aa38 elementor-widget-tablet__width-initial elementor-widget-mobile__width-inherit elementor-widget elementor-widget-heading\" data-id=\"2ed8aa38\" data-element_type=\"widget\" data-e-type=\"widget\" data-widget_type=\"heading.default\">\n\t\t\t\t\t<h2 class=\"elementor-heading-title elementor-size-default\">Where we are<\/h2>\t\t\t\t<\/div>\n\t\t\t\t<\/div>\n\t\t\t\t<div class=\"elementor-element elementor-element-2fd6c4d elementor-mobile-align-justify elementor-widget elementor-widget-button\" data-id=\"2fd6c4d\" data-element_type=\"widget\" data-e-type=\"widget\" data-widget_type=\"button.default\">\n\t\t\t\t\t\t\t\t\t\t<a class=\"elementor-button elementor-button-link elementor-size-sm\" href=\"https:\/\/maps.app.goo.gl\/oAUn4jkyp7KACf377\" target=\"_blank\">\n\t\t\t\t\t\t<span class=\"elementor-button-content-wrapper\">\n\t\t\t\t\t\t\t\t\t<span class=\"elementor-button-text\">GET DIRECTIONS<\/span>\n\t\t\t\t\t<\/span>\n\t\t\t\t\t<\/a>\n\t\t\t\t\t\t\t\t<\/div>\n\t\t\t\t<\/div>\n\t\t\t\t<div class=\"elementor-element elementor-element-4d6e9f0b elementor-widget elementor-widget-google_maps\" data-id=\"4d6e9f0b\" data-element_type=\"widget\" data-e-type=\"widget\" data-widget_type=\"google_maps.default\">\n\t\t\t\t\t\t\t<div class=\"elementor-custom-embed\">\n\t\t\t<iframe loading=\"lazy\"\n\t\t\t\t\tsrc=\"https:\/\/maps.google.com\/maps?q=296%20auto%2C%20ponta%20delgada&#038;t=m&#038;z=12&#038;output=embed&#038;iwloc=near\"\n\t\t\t\t\ttitle=\"296 auto, ponta delgada\"\n\t\t\t\t\taria-label=\"296 auto, ponta delgada\"\n\t\t\t><\/iframe>\n\t\t<\/div>\n\t\t\t\t\t\t<\/div>\n\t\t\t\t<\/div>\n\t\t\t\t<\/div>\n\t\t\t\t\t<\/div>\n\t\t\t\t<\/div>\n\t\t\t\t<\/div>","protected":false},"excerpt":{"rendered":"<p>Contacte-nos para solu\u00e7\u00f5es completas e integradas para a manuten\u00e7\u00e3o, cuidado e valoriza\u00e7\u00e3o de espa\u00e7os residenciais e profissionais.<\/p>","protected":false},"author":1,"featured_media":374,"parent":0,"menu_order":5,"comment_status":"closed","ping_status":"closed","template":"elementor_header_footer","meta":{"footnotes":""},"class_list":["post-372","page","type-page","status-publish","has-post-thumbnail","hentry"],"yoast_head":"<!-- This site is optimized with the Yoast SEO plugin v26.9 - https:\/\/yoast.com\/product\/yoast-seo-wordpress\/ -->\n<title>CONTACTOS - 296 Servi\u00e7os<\/title>\n<meta name=\"description\" content=\"Contacte-nos para solu\u00e7\u00f5es completas e integradas para a manuten\u00e7\u00e3o, cuidado e valoriza\u00e7\u00e3o de espa\u00e7os residenciais e profissionais.\" \/>\n<meta name=\"robots\" content=\"index, follow, max-snippet:-1, max-image-preview:large, max-video-preview:-1\" \/>\n<link rel=\"canonical\" href=\"https:\/\/296servicos.pt\/en\/contactos\/\" \/>\n<meta property=\"og:locale\" content=\"en_GB\" \/>\n<meta property=\"og:type\" content=\"article\" \/>\n<meta property=\"og:title\" content=\"CONTACTOS - 296 Servi\u00e7os\" \/>\n<meta property=\"og:description\" content=\"Contacte-nos para solu\u00e7\u00f5es completas e integradas para a manuten\u00e7\u00e3o, cuidado e valoriza\u00e7\u00e3o de espa\u00e7os residenciais e profissionais.\" \/>\n<meta property=\"og:url\" content=\"https:\/\/296servicos.pt\/en\/contactos\/\" \/>\n<meta property=\"og:site_name\" content=\"296 Servi\u00e7os\" \/>\n<meta property=\"article:publisher\" content=\"https:\/\/www.facebook.com\/296grupo\" \/>\n<meta property=\"article:modified_time\" content=\"2025-12-05T17:53:19+00:00\" \/>\n<meta property=\"og:image\" content=\"https:\/\/296servicos.pt\/wp-content\/uploads\/2025\/12\/man-mows-grass-meadow-with-hand-held-cordless-lawnmower.jpg\" \/>\n\t<meta property=\"og:image:width\" content=\"1920\" \/>\n\t<meta property=\"og:image:height\" content=\"1280\" \/>\n\t<meta property=\"og:image:type\" content=\"image\/jpeg\" \/>\n<meta name=\"twitter:card\" content=\"summary_large_image\" \/>\n<meta name=\"twitter:title\" content=\"CONTACTOS - 296 Servi\u00e7os\" \/>\n<meta name=\"twitter:description\" content=\"Contacte-nos para solu\u00e7\u00f5es completas e integradas para a manuten\u00e7\u00e3o, cuidado e valoriza\u00e7\u00e3o de espa\u00e7os residenciais e profissionais.\" \/>\n<meta name=\"twitter:label1\" content=\"Estimated reading time\" \/>\n\t<meta name=\"twitter:data1\" content=\"1 minute\" \/>\n<script type=\"application\/ld+json\" class=\"yoast-schema-graph\">{\"@context\":\"https:\/\/schema.org\",\"@graph\":[{\"@type\":[\"WebPage\",\"ContactPage\"],\"@id\":\"https:\/\/296servicos.pt\/contactos\/\",\"url\":\"https:\/\/296servicos.pt\/contactos\/\",\"name\":\"CONTACTOS - 296 Servi\u00e7os\",\"isPartOf\":{\"@id\":\"https:\/\/296servicos.pt\/#website\"},\"primaryImageOfPage\":{\"@id\":\"https:\/\/296servicos.pt\/contactos\/#primaryimage\"},\"image\":{\"@id\":\"https:\/\/296servicos.pt\/contactos\/#primaryimage\"},\"thumbnailUrl\":\"https:\/\/296servicos.pt\/wp-content\/uploads\/2025\/12\/man-mows-grass-meadow-with-hand-held-cordless-lawnmower.jpg\",\"datePublished\":\"2025-12-05T01:40:55+00:00\",\"dateModified\":\"2025-12-05T17:53:19+00:00\",\"description\":\"Contacte-nos para solu\u00e7\u00f5es completas e integradas para a manuten\u00e7\u00e3o, cuidado e valoriza\u00e7\u00e3o de espa\u00e7os residenciais e profissionais.\",\"breadcrumb\":{\"@id\":\"https:\/\/296servicos.pt\/contactos\/#breadcrumb\"},\"inLanguage\":\"en-GB\",\"potentialAction\":[{\"@type\":\"ReadAction\",\"target\":[\"https:\/\/296servicos.pt\/contactos\/\"]}]},{\"@type\":\"ImageObject\",\"inLanguage\":\"en-GB\",\"@id\":\"https:\/\/296servicos.pt\/contactos\/#primaryimage\",\"url\":\"https:\/\/296servicos.pt\/wp-content\/uploads\/2025\/12\/man-mows-grass-meadow-with-hand-held-cordless-lawnmower.jpg\",\"contentUrl\":\"https:\/\/296servicos.pt\/wp-content\/uploads\/2025\/12\/man-mows-grass-meadow-with-hand-held-cordless-lawnmower.jpg\",\"width\":1920,\"height\":1280,\"caption\":\"SSUCv3H4sIAAAAAAAACjxSy27bMBD8FYNn2dXDsiXdiiSnIE2AtqcohxXJWIxoUuAjRWH4Q3rMtwT9rw4Vp7fd4czuzIInNpBXnHUnprSOPjgKyhrW5Rlz0gjplvLVVbt8qaRQwTpFeukGCnw0dJSsM1Hrc8Z8oBC99JiIjlOQB9CX\/nPV4ynhrGPfQHWSQRQHtA+aTPArMmIVnITknH0yH8hN\/st9DMJa919wpzyXGippI9hPGaODNPx32o3lTmpJi5VHPE2\/gnTHiy+KQtlk6dVy0gArgLNTXJnDB8OGMWWHARtNcJjJ6j02a2tnGjQCP0MoMzaS96CIC3BGaJzRHj\/GGBuSAQalwC1QFVVZl9u6bvZFk2+LbVmnPMvVRgVhWpWUKPmkxMWwwnw2VDknWezXvODVerurm\/XQtBXaoWh3bVuU1GBYnLUlEVI+KJ+tOy43dORxgSUCMs8URoBXXd\/\/9NL5vr8RkZzo+2vpp2Dnvv\/+4\/7qdnVLGv\/g\/e3vHyCTfn8TE63y\/SavN2Ve5tBdf80Ro13f4GtsXuYDO\/8DAAD\/\/wMApiiu4lYCAAA=\"},{\"@type\":\"BreadcrumbList\",\"@id\":\"https:\/\/296servicos.pt\/contactos\/#breadcrumb\",\"itemListElement\":[{\"@type\":\"ListItem\",\"position\":1,\"name\":\"In\u00edcio\",\"item\":\"https:\/\/296servicos.pt\/\"},{\"@type\":\"ListItem\",\"position\":2,\"name\":\"Contactos\"}]},{\"@type\":\"WebSite\",\"@id\":\"https:\/\/296servicos.pt\/#website\",\"url\":\"https:\/\/296servicos.pt\/\",\"name\":\"296 Servi\u00e7os\",\"description\":\"Solu\u00e7\u00f5es em limpeza, jardinagem e pequenas repara\u00e7\u00f5es em S\u00e3o Miguel A\u00e7ores\",\"publisher\":{\"@id\":\"https:\/\/296servicos.pt\/#organization\"},\"potentialAction\":[{\"@type\":\"SearchAction\",\"target\":{\"@type\":\"EntryPoint\",\"urlTemplate\":\"https:\/\/296servicos.pt\/?s={search_term_string}\"},\"query-input\":{\"@type\":\"PropertyValueSpecification\",\"valueRequired\":true,\"valueName\":\"search_term_string\"}}],\"inLanguage\":\"en-GB\"},{\"@type\":\"Organization\",\"@id\":\"https:\/\/296servicos.pt\/#organization\",\"name\":\"296 Servi\u00e7os\",\"url\":\"https:\/\/296servicos.pt\/\",\"logo\":{\"@type\":\"ImageObject\",\"inLanguage\":\"en-GB\",\"@id\":\"https:\/\/296servicos.pt\/#\/schema\/logo\/image\/\",\"url\":\"https:\/\/296servicos.pt\/wp-content\/uploads\/2025\/12\/logo296auto.png\",\"contentUrl\":\"https:\/\/296servicos.pt\/wp-content\/uploads\/2025\/12\/logo296auto.png\",\"width\":573,\"height\":472,\"caption\":\"296 Servi\u00e7os\"},\"image\":{\"@id\":\"https:\/\/296servicos.pt\/#\/schema\/logo\/image\/\"},\"sameAs\":[\"https:\/\/www.facebook.com\/296grupo\"]}]}<\/script>\n<!-- \/ Yoast SEO plugin. -->","yoast_head_json":{"title":"CONTACTOS - 296 Servi\u00e7os","description":"Contacte-nos para solu\u00e7\u00f5es completas e integradas para a manuten\u00e7\u00e3o, cuidado e valoriza\u00e7\u00e3o de espa\u00e7os residenciais e profissionais.","robots":{"index":"index","follow":"follow","max-snippet":"max-snippet:-1","max-image-preview":"max-image-preview:large","max-video-preview":"max-video-preview:-1"},"canonical":"https:\/\/296servicos.pt\/en\/contactos\/","og_locale":"en_GB","og_type":"article","og_title":"CONTACTOS - 296 Servi\u00e7os","og_description":"Contacte-nos para solu\u00e7\u00f5es completas e integradas para a manuten\u00e7\u00e3o, cuidado e valoriza\u00e7\u00e3o de espa\u00e7os residenciais e profissionais.","og_url":"https:\/\/296servicos.pt\/en\/contactos\/","og_site_name":"296 Servi\u00e7os","article_publisher":"https:\/\/www.facebook.com\/296grupo","article_modified_time":"2025-12-05T17:53:19+00:00","og_image":[{"width":1920,"height":1280,"url":"https:\/\/296servicos.pt\/wp-content\/uploads\/2025\/12\/man-mows-grass-meadow-with-hand-held-cordless-lawnmower.jpg","type":"image\/jpeg"}],"twitter_card":"summary_large_image","twitter_title":"CONTACTOS - 296 Servi\u00e7os","twitter_description":"Contacte-nos para solu\u00e7\u00f5es completas e integradas para a manuten\u00e7\u00e3o, cuidado e valoriza\u00e7\u00e3o de espa\u00e7os residenciais e profissionais.","twitter_misc":{"Estimated reading time":"1 minute"},"schema":{"@context":"https:\/\/schema.org","@graph":[{"@type":["WebPage","ContactPage"],"@id":"https:\/\/296servicos.pt\/contactos\/","url":"https:\/\/296servicos.pt\/contactos\/","name":"CONTACTOS - 296 Servi\u00e7os","isPartOf":{"@id":"https:\/\/296servicos.pt\/#website"},"primaryImageOfPage":{"@id":"https:\/\/296servicos.pt\/contactos\/#primaryimage"},"image":{"@id":"https:\/\/296servicos.pt\/contactos\/#primaryimage"},"thumbnailUrl":"https:\/\/296servicos.pt\/wp-content\/uploads\/2025\/12\/man-mows-grass-meadow-with-hand-held-cordless-lawnmower.jpg","datePublished":"2025-12-05T01:40:55+00:00","dateModified":"2025-12-05T17:53:19+00:00","description":"Contacte-nos para solu\u00e7\u00f5es completas e integradas para a manuten\u00e7\u00e3o, cuidado e valoriza\u00e7\u00e3o de espa\u00e7os residenciais e profissionais.","breadcrumb":{"@id":"https:\/\/296servicos.pt\/contactos\/#breadcrumb"},"inLanguage":"en-GB","potentialAction":[{"@type":"ReadAction","target":["https:\/\/296servicos.pt\/contactos\/"]}]},{"@type":"ImageObject","inLanguage":"en-GB","@id":"https:\/\/296servicos.pt\/contactos\/#primaryimage","url":"https:\/\/296servicos.pt\/wp-content\/uploads\/2025\/12\/man-mows-grass-meadow-with-hand-held-cordless-lawnmower.jpg","contentUrl":"https:\/\/296servicos.pt\/wp-content\/uploads\/2025\/12\/man-mows-grass-meadow-with-hand-held-cordless-lawnmower.jpg","width":1920,"height":1280,"caption":"SSUCv3H4sIAAAAAAAACjxSy27bMBD8FYNn2dXDsiXdiiSnIE2AtqcohxXJWIxoUuAjRWH4Q3rMtwT9rw4Vp7fd4czuzIInNpBXnHUnprSOPjgKyhrW5Rlz0gjplvLVVbt8qaRQwTpFeukGCnw0dJSsM1Hrc8Z8oBC99JiIjlOQB9CX\/nPV4ynhrGPfQHWSQRQHtA+aTPArMmIVnITknH0yH8hN\/st9DMJa919wpzyXGippI9hPGaODNPx32o3lTmpJi5VHPE2\/gnTHiy+KQtlk6dVy0gArgLNTXJnDB8OGMWWHARtNcJjJ6j02a2tnGjQCP0MoMzaS96CIC3BGaJzRHj\/GGBuSAQalwC1QFVVZl9u6bvZFk2+LbVmnPMvVRgVhWpWUKPmkxMWwwnw2VDknWezXvODVerurm\/XQtBXaoWh3bVuU1GBYnLUlEVI+KJ+tOy43dORxgSUCMs8URoBXXd\/\/9NL5vr8RkZzo+2vpp2Dnvv\/+4\/7qdnVLGv\/g\/e3vHyCTfn8TE63y\/SavN2Ve5tBdf80Ro13f4GtsXuYDO\/8DAAD\/\/wMApiiu4lYCAAA="},{"@type":"BreadcrumbList","@id":"https:\/\/296servicos.pt\/contactos\/#breadcrumb","itemListElement":[{"@type":"ListItem","position":1,"name":"In\u00edcio","item":"https:\/\/296servicos.pt\/"},{"@type":"ListItem","position":2,"name":"Contactos"}]},{"@type":"WebSite","@id":"https:\/\/296servicos.pt\/#website","url":"https:\/\/296servicos.pt\/","name":"296 Servi\u00e7os","description":"Solu\u00e7\u00f5es em limpeza, jardinagem e pequenas repara\u00e7\u00f5es em S\u00e3o Miguel A\u00e7ores","publisher":{"@id":"https:\/\/296servicos.pt\/#organization"},"potentialAction":[{"@type":"SearchAction","target":{"@type":"EntryPoint","urlTemplate":"https:\/\/296servicos.pt\/?s={search_term_string}"},"query-input":{"@type":"PropertyValueSpecification","valueRequired":true,"valueName":"search_term_string"}}],"inLanguage":"en-GB"},{"@type":"Organization","@id":"https:\/\/296servicos.pt\/#organization","name":"296 Servi\u00e7os","url":"https:\/\/296servicos.pt\/","logo":{"@type":"ImageObject","inLanguage":"en-GB","@id":"https:\/\/296servicos.pt\/#\/schema\/logo\/image\/","url":"https:\/\/296servicos.pt\/wp-content\/uploads\/2025\/12\/logo296auto.png","contentUrl":"https:\/\/296servicos.pt\/wp-content\/uploads\/2025\/12\/logo296auto.png","width":573,"height":472,"caption":"296 Servi\u00e7os"},"image":{"@id":"https:\/\/296servicos.pt\/#\/schema\/logo\/image\/"},"sameAs":["https:\/\/www.facebook.com\/296grupo"]}]}},"_links":{"self":[{"href":"https:\/\/296servicos.pt\/en\/wp-json\/wp\/v2\/pages\/372","targetHints":{"allow":["GET"]}}],"collection":[{"href":"https:\/\/296servicos.pt\/en\/wp-json\/wp\/v2\/pages"}],"about":[{"href":"https:\/\/296servicos.pt\/en\/wp-json\/wp\/v2\/types\/page"}],"author":[{"embeddable":true,"href":"https:\/\/296servicos.pt\/en\/wp-json\/wp\/v2\/users\/1"}],"replies":[{"embeddable":true,"href":"https:\/\/296servicos.pt\/en\/wp-json\/wp\/v2\/comments?post=372"}],"version-history":[{"count":0,"href":"https:\/\/296servicos.pt\/en\/wp-json\/wp\/v2\/pages\/372\/revisions"}],"wp:featuredmedia":[{"embeddable":true,"href":"https:\/\/296servicos.pt\/en\/wp-json\/wp\/v2\/media\/374"}],"wp:attachment":[{"href":"https:\/\/296servicos.pt\/en\/wp-json\/wp\/v2\/media?parent=372"}],"curies":[{"name":"wp","href":"https:\/\/api.w.org\/{rel}","templated":true}]}}