{"id":488,"date":"2025-12-05T14:03:19","date_gmt":"2025-12-05T15:03:19","guid":{"rendered":"https:\/\/296servicos.pt\/?page_id=488"},"modified":"2025-12-05T16:32:32","modified_gmt":"2025-12-05T17:32:32","slug":"empresa","status":"publish","type":"page","link":"https:\/\/296servicos.pt\/en\/empresa\/","title":{"rendered":"COMPANY"},"content":{"rendered":"<div data-elementor-type=\"wp-page\" data-elementor-id=\"488\" class=\"elementor elementor-488\" data-elementor-post-type=\"page\">\n\t\t\t\t<div class=\"elementor-element elementor-element-74b1537b e-con-full e-flex e-con e-parent\" data-id=\"74b1537b\" data-element_type=\"container\" data-e-type=\"container\" data-settings=\"{&quot;background_background&quot;:&quot;classic&quot;}\">\n\t\t<div class=\"elementor-element elementor-element-3648cdc3 e-flex e-con-boxed e-con e-child\" data-id=\"3648cdc3\" data-element_type=\"container\" data-e-type=\"container\">\n\t\t\t\t\t<div class=\"e-con-inner\">\n\t\t\t\t<div class=\"elementor-element elementor-element-82b503d elementor-widget elementor-widget-heading\" data-id=\"82b503d\" data-element_type=\"widget\" data-e-type=\"widget\" data-widget_type=\"heading.default\">\n\t\t\t\t\t<h1 class=\"elementor-heading-title elementor-size-default\">COMPANY<\/h1>\t\t\t\t<\/div>\n\t\t\t\t\t<\/div>\n\t\t\t\t<\/div>\n\t\t<div class=\"elementor-element elementor-element-6db2397 e-con-full e-flex e-con e-child\" data-id=\"6db2397\" data-element_type=\"container\" data-e-type=\"container\">\n\t\t\t\t<div class=\"elementor-element elementor-element-5091ed1 elementor-widget elementor-widget-image\" data-id=\"5091ed1\" data-element_type=\"widget\" data-e-type=\"widget\" data-widget_type=\"image.default\">\n\t\t\t\t\t\t\t\t\t\t\t\t\t\t\t<img fetchpriority=\"high\" decoding=\"async\" width=\"357\" height=\"229\" src=\"https:\/\/296servicos.pt\/wp-content\/uploads\/2025\/12\/corner.png\" class=\"attachment-large size-large wp-image-108\" alt=\"\" srcset=\"https:\/\/296servicos.pt\/wp-content\/uploads\/2025\/12\/corner.png 357w, https:\/\/296servicos.pt\/wp-content\/uploads\/2025\/12\/corner-300x192.png 300w, https:\/\/296servicos.pt\/wp-content\/uploads\/2025\/12\/corner-18x12.png 18w\" sizes=\"(max-width: 357px) 100vw, 357px\" \/>\t\t\t\t\t\t\t\t\t\t\t\t\t\t\t<\/div>\n\t\t\t\t<\/div>\n\t\t\t\t<\/div>\n\t\t<div class=\"elementor-element elementor-element-162632b e-flex e-con-boxed e-con e-parent\" data-id=\"162632b\" data-element_type=\"container\" data-e-type=\"container\">\n\t\t\t\t\t<div class=\"e-con-inner\">\n\t\t<div class=\"elementor-element elementor-element-64b158a8 e-con-full e-flex e-con e-child\" data-id=\"64b158a8\" data-element_type=\"container\" data-e-type=\"container\">\n\t\t<div class=\"elementor-element elementor-element-41ccb9fd e-con-full animated-slow e-flex elementor-invisible e-con e-child\" data-id=\"41ccb9fd\" data-element_type=\"container\" data-e-type=\"container\" data-settings=\"{&quot;background_background&quot;:&quot;classic&quot;,&quot;animation&quot;:&quot;fadeInUp&quot;}\">\n\t\t\t\t<\/div>\n\t\t<div class=\"elementor-element elementor-element-b3210c9 e-con-full animated-slow e-flex elementor-invisible e-con e-child\" data-id=\"b3210c9\" data-element_type=\"container\" data-e-type=\"container\" data-settings=\"{&quot;background_background&quot;:&quot;classic&quot;,&quot;animation&quot;:&quot;fadeInUp&quot;}\">\n\t\t\t\t<\/div>\n\t\t<div class=\"elementor-element elementor-element-37d3b2e4 e-con-full animated-slow e-flex elementor-invisible e-con e-child\" data-id=\"37d3b2e4\" data-element_type=\"container\" data-e-type=\"container\" data-settings=\"{&quot;animation&quot;:&quot;fadeInUp&quot;}\">\n\t\t<a class=\"elementor-element elementor-element-770c7fd1 e-con-full e-flex elementor-invisible e-con e-child\" data-id=\"770c7fd1\" data-element_type=\"container\" data-e-type=\"container\" data-settings=\"{&quot;background_background&quot;:&quot;classic&quot;,&quot;animation&quot;:&quot;fadeInUp&quot;}\" href=\"https:\/\/296servicos.pt\/en\/servicos\/\">\n\t\t\t\t<div class=\"elementor-element elementor-element-c3f0713 elementor-widget elementor-widget-heading\" data-id=\"c3f0713\" data-element_type=\"widget\" data-e-type=\"widget\" data-widget_type=\"heading.default\">\n\t\t\t\t\t<h2 class=\"elementor-heading-title elementor-size-default\">Services<\/h2>\t\t\t\t<\/div>\n\t\t\t\t<\/a>\n\t\t<a class=\"elementor-element elementor-element-5bba04ec e-con-full e-flex elementor-invisible e-con e-child\" data-id=\"5bba04ec\" data-element_type=\"container\" data-e-type=\"container\" data-settings=\"{&quot;background_background&quot;:&quot;classic&quot;,&quot;animation&quot;:&quot;fadeInUp&quot;}\" href=\"https:\/\/296servicos.pt\/en\/contactos\/\">\n\t\t\t\t<div class=\"elementor-element elementor-element-81d2bb8 elementor-widget elementor-widget-heading\" data-id=\"81d2bb8\" data-element_type=\"widget\" data-e-type=\"widget\" data-widget_type=\"heading.default\">\n\t\t\t\t\t<h2 class=\"elementor-heading-title elementor-size-default\">Contacts<\/h2>\t\t\t\t<\/div>\n\t\t\t\t<\/a>\n\t\t<a class=\"elementor-element elementor-element-4c5b7f22 e-con-full e-flex elementor-invisible e-con e-child\" data-id=\"4c5b7f22\" data-element_type=\"container\" data-e-type=\"container\" data-settings=\"{&quot;background_background&quot;:&quot;classic&quot;,&quot;animation&quot;:&quot;fadeInUp&quot;}\" href=\"https:\/\/296servicos.pt\/en\/proposta\/\">\n\t\t\t\t<div class=\"elementor-element elementor-element-288b79d elementor-widget elementor-widget-heading\" data-id=\"288b79d\" data-element_type=\"widget\" data-e-type=\"widget\" data-widget_type=\"heading.default\">\n\t\t\t\t\t<h2 class=\"elementor-heading-title elementor-size-default\">Proposal<\/h2>\t\t\t\t<\/div>\n\t\t\t\t<\/a>\n\t\t\t\t<\/div>\n\t\t\t\t<\/div>\n\t\t<div class=\"elementor-element elementor-element-3330cf20 e-con-full e-flex e-con e-child\" data-id=\"3330cf20\" data-element_type=\"container\" data-e-type=\"container\">\n\t\t<div class=\"elementor-element elementor-element-8ce3866 e-con-full e-flex e-con e-child\" data-id=\"8ce3866\" data-element_type=\"container\" data-e-type=\"container\">\n\t\t\t\t<div class=\"elementor-element elementor-element-229df6b0 elementor-widget elementor-widget-heading\" data-id=\"229df6b0\" data-element_type=\"widget\" data-e-type=\"widget\" data-widget_type=\"heading.default\">\n\t\t\t\t\t<h2 class=\"elementor-heading-title elementor-size-default\">about us<\/h2>\t\t\t\t<\/div>\n\t\t\t\t<div class=\"elementor-element elementor-element-5e3326f3 elementor-widget-tablet__width-initial elementor-widget-mobile__width-inherit elementor-widget-mobile_extra__width-initial elementor-widget elementor-widget-heading\" data-id=\"5e3326f3\" data-element_type=\"widget\" data-e-type=\"widget\" data-widget_type=\"heading.default\">\n\t\t\t\t\t<h2 class=\"elementor-heading-title elementor-size-default\">Who we are<\/h2>\t\t\t\t<\/div>\n\t\t\t\t<div class=\"elementor-element elementor-element-15d331ed elementor-widget-tablet__width-initial elementor-widget-mobile__width-inherit elementor-widget elementor-widget-text-editor\" data-id=\"15d331ed\" data-element_type=\"widget\" data-e-type=\"widget\" data-widget_type=\"text-editor.default\">\n\t\t\t\t\t\t\t\t\t<p>296 Servi\u00e7os is a company specialising in comprehensive, customised solutions in the areas of cleaning, gardening and minor repairs for both private and professional clients, as well as a professional laundry service.<\/p><p>We provide cleaning services for homes, offices and local accommodation, ensuring high standards of hygiene, organisation and attention to detail.<br \/>We work flexibly, adapting each service to the specific needs of each space, ensuring clean, organised and well-maintained environments. In the area of gardening, we ensure the maintenance and enhancement of gardens and outdoor spaces, guaranteeing aesthetically pleasing and healthy environments, with special attention to plant health and the cleanliness of green spaces.<\/p><p>We also offer minor repairs, ideal for property maintenance and upkeep, with quick and effective responses, ensuring the smooth running of both domestic and professional spaces. In addition, we offer professional laundry services, especially for local accommodation, hotels and other establishments, ensuring the proper treatment of clothes, towels and textiles, with rigour, efficiency and compliance with the highest standards of hygiene.<\/p><p>At 296 Servi\u00e7os, we are committed to offering quality, punctuality and reliability, always with tailor-made solutions that guarantee total customer satisfaction.<\/p>\t\t\t\t\t\t\t\t<\/div>\n\t\t\t\t<\/div>\n\t\t\t\t<\/div>\n\t\t\t\t\t<\/div>\n\t\t\t\t<\/div>\n\t\t\t\t<\/div>","protected":false},"excerpt":{"rendered":"<p>296 Servi\u00e7os is a company specialising in comprehensive, customised solutions in the areas of cleaning, gardening and minor repairs for both private and professional clients, as well as a professional laundry service.<\/p>","protected":false},"author":1,"featured_media":302,"parent":0,"menu_order":2,"comment_status":"closed","ping_status":"closed","template":"elementor_header_footer","meta":{"footnotes":""},"class_list":["post-488","page","type-page","status-publish","has-post-thumbnail","hentry"],"yoast_head":"<!-- This site is optimized with the Yoast SEO plugin v26.9 - https:\/\/yoast.com\/product\/yoast-seo-wordpress\/ -->\n<title>EMPRESA - 296 Servi\u00e7os<\/title>\n<meta name=\"description\" content=\"A 296 Servi\u00e7os \u00e9 uma empresa especializada em solu\u00e7\u00f5es completas e personalizadas nas \u00e1reas de limpeza, jardinagem, pequenas repara\u00e7\u00f5es direcionadas tanto a clientes particulares como a profissionais, e ainda, um servi\u00e7o de lavandaria profissional.\" \/>\n<meta name=\"robots\" content=\"index, follow, max-snippet:-1, max-image-preview:large, max-video-preview:-1\" \/>\n<link rel=\"canonical\" href=\"https:\/\/296servicos.pt\/en\/empresa\/\" \/>\n<meta property=\"og:locale\" content=\"en_GB\" \/>\n<meta property=\"og:type\" content=\"article\" \/>\n<meta property=\"og:title\" content=\"EMPRESA - 296 Servi\u00e7os\" \/>\n<meta property=\"og:description\" content=\"A 296 Servi\u00e7os \u00e9 uma empresa especializada em solu\u00e7\u00f5es completas e personalizadas nas \u00e1reas de limpeza, jardinagem, pequenas repara\u00e7\u00f5es direcionadas tanto a clientes particulares como a profissionais, e ainda, um servi\u00e7o de lavandaria profissional.\" \/>\n<meta property=\"og:url\" content=\"https:\/\/296servicos.pt\/en\/empresa\/\" \/>\n<meta property=\"og:site_name\" content=\"296 Servi\u00e7os\" \/>\n<meta property=\"article:publisher\" content=\"https:\/\/www.facebook.com\/296grupo\" \/>\n<meta property=\"article:modified_time\" content=\"2025-12-05T17:32:32+00:00\" \/>\n<meta property=\"og:image\" content=\"https:\/\/296servicos.pt\/wp-content\/uploads\/2025\/12\/gardener-pruning-plant-with-garden-scissors.jpg\" \/>\n\t<meta property=\"og:image:width\" content=\"1920\" \/>\n\t<meta property=\"og:image:height\" content=\"1280\" \/>\n\t<meta property=\"og:image:type\" content=\"image\/jpeg\" \/>\n<meta name=\"twitter:card\" content=\"summary_large_image\" \/>\n<meta name=\"twitter:title\" content=\"EMPRESA - 296 Servi\u00e7os\" \/>\n<meta name=\"twitter:description\" content=\"A 296 Servi\u00e7os \u00e9 uma empresa especializada em solu\u00e7\u00f5es completas e personalizadas nas \u00e1reas de limpeza, jardinagem, pequenas repara\u00e7\u00f5es direcionadas tanto a clientes particulares como a profissionais, e ainda, um servi\u00e7o de lavandaria profissional.\" \/>\n<meta name=\"twitter:label1\" content=\"Estimated reading time\" \/>\n\t<meta name=\"twitter:data1\" content=\"2 minutes\" \/>\n<script type=\"application\/ld+json\" class=\"yoast-schema-graph\">{\"@context\":\"https:\/\/schema.org\",\"@graph\":[{\"@type\":[\"WebPage\",\"AboutPage\"],\"@id\":\"https:\/\/296servicos.pt\/empresa\/\",\"url\":\"https:\/\/296servicos.pt\/empresa\/\",\"name\":\"EMPRESA - 296 Servi\u00e7os\",\"isPartOf\":{\"@id\":\"https:\/\/296servicos.pt\/#website\"},\"primaryImageOfPage\":{\"@id\":\"https:\/\/296servicos.pt\/empresa\/#primaryimage\"},\"image\":{\"@id\":\"https:\/\/296servicos.pt\/empresa\/#primaryimage\"},\"thumbnailUrl\":\"https:\/\/296servicos.pt\/wp-content\/uploads\/2025\/12\/gardener-pruning-plant-with-garden-scissors.jpg\",\"datePublished\":\"2025-12-05T15:03:19+00:00\",\"dateModified\":\"2025-12-05T17:32:32+00:00\",\"description\":\"A 296 Servi\u00e7os \u00e9 uma empresa especializada em solu\u00e7\u00f5es completas e personalizadas nas \u00e1reas de limpeza, jardinagem, pequenas repara\u00e7\u00f5es direcionadas tanto a clientes particulares como a profissionais, e ainda, um servi\u00e7o de lavandaria profissional.\",\"breadcrumb\":{\"@id\":\"https:\/\/296servicos.pt\/empresa\/#breadcrumb\"},\"inLanguage\":\"en-GB\",\"potentialAction\":[{\"@type\":\"ReadAction\",\"target\":[\"https:\/\/296servicos.pt\/empresa\/\"]}]},{\"@type\":\"ImageObject\",\"inLanguage\":\"en-GB\",\"@id\":\"https:\/\/296servicos.pt\/empresa\/#primaryimage\",\"url\":\"https:\/\/296servicos.pt\/wp-content\/uploads\/2025\/12\/gardener-pruning-plant-with-garden-scissors.jpg\",\"contentUrl\":\"https:\/\/296servicos.pt\/wp-content\/uploads\/2025\/12\/gardener-pruning-plant-with-garden-scissors.jpg\",\"width\":1920,\"height\":1280},{\"@type\":\"BreadcrumbList\",\"@id\":\"https:\/\/296servicos.pt\/empresa\/#breadcrumb\",\"itemListElement\":[{\"@type\":\"ListItem\",\"position\":1,\"name\":\"In\u00edcio\",\"item\":\"https:\/\/296servicos.pt\/\"},{\"@type\":\"ListItem\",\"position\":2,\"name\":\"Empresa\"}]},{\"@type\":\"WebSite\",\"@id\":\"https:\/\/296servicos.pt\/#website\",\"url\":\"https:\/\/296servicos.pt\/\",\"name\":\"296 Servi\u00e7os\",\"description\":\"Solu\u00e7\u00f5es em limpeza, jardinagem e pequenas repara\u00e7\u00f5es em S\u00e3o Miguel A\u00e7ores\",\"publisher\":{\"@id\":\"https:\/\/296servicos.pt\/#organization\"},\"potentialAction\":[{\"@type\":\"SearchAction\",\"target\":{\"@type\":\"EntryPoint\",\"urlTemplate\":\"https:\/\/296servicos.pt\/?s={search_term_string}\"},\"query-input\":{\"@type\":\"PropertyValueSpecification\",\"valueRequired\":true,\"valueName\":\"search_term_string\"}}],\"inLanguage\":\"en-GB\"},{\"@type\":\"Organization\",\"@id\":\"https:\/\/296servicos.pt\/#organization\",\"name\":\"296 Servi\u00e7os\",\"url\":\"https:\/\/296servicos.pt\/\",\"logo\":{\"@type\":\"ImageObject\",\"inLanguage\":\"en-GB\",\"@id\":\"https:\/\/296servicos.pt\/#\/schema\/logo\/image\/\",\"url\":\"https:\/\/296servicos.pt\/wp-content\/uploads\/2025\/12\/logo296auto.png\",\"contentUrl\":\"https:\/\/296servicos.pt\/wp-content\/uploads\/2025\/12\/logo296auto.png\",\"width\":573,\"height\":472,\"caption\":\"296 Servi\u00e7os\"},\"image\":{\"@id\":\"https:\/\/296servicos.pt\/#\/schema\/logo\/image\/\"},\"sameAs\":[\"https:\/\/www.facebook.com\/296grupo\"]}]}<\/script>\n<!-- \/ Yoast SEO plugin. -->","yoast_head_json":{"title":"EMPRESA - 296 Servi\u00e7os","description":"296 Servi\u00e7os is a company specialising in comprehensive, customised solutions in the areas of cleaning, gardening and minor repairs for both private and professional clients, as well as a professional laundry service.","robots":{"index":"index","follow":"follow","max-snippet":"max-snippet:-1","max-image-preview":"max-image-preview:large","max-video-preview":"max-video-preview:-1"},"canonical":"https:\/\/296servicos.pt\/en\/empresa\/","og_locale":"en_GB","og_type":"article","og_title":"EMPRESA - 296 Servi\u00e7os","og_description":"A 296 Servi\u00e7os \u00e9 uma empresa especializada em solu\u00e7\u00f5es completas e personalizadas nas \u00e1reas de limpeza, jardinagem, pequenas repara\u00e7\u00f5es direcionadas tanto a clientes particulares como a profissionais, e ainda, um servi\u00e7o de lavandaria profissional.","og_url":"https:\/\/296servicos.pt\/en\/empresa\/","og_site_name":"296 Servi\u00e7os","article_publisher":"https:\/\/www.facebook.com\/296grupo","article_modified_time":"2025-12-05T17:32:32+00:00","og_image":[{"width":1920,"height":1280,"url":"https:\/\/296servicos.pt\/wp-content\/uploads\/2025\/12\/gardener-pruning-plant-with-garden-scissors.jpg","type":"image\/jpeg"}],"twitter_card":"summary_large_image","twitter_title":"EMPRESA - 296 Servi\u00e7os","twitter_description":"A 296 Servi\u00e7os \u00e9 uma empresa especializada em solu\u00e7\u00f5es completas e personalizadas nas \u00e1reas de limpeza, jardinagem, pequenas repara\u00e7\u00f5es direcionadas tanto a clientes particulares como a profissionais, e ainda, um servi\u00e7o de lavandaria profissional.","twitter_misc":{"Estimated reading time":"2 minutes"},"schema":{"@context":"https:\/\/schema.org","@graph":[{"@type":["WebPage","AboutPage"],"@id":"https:\/\/296servicos.pt\/empresa\/","url":"https:\/\/296servicos.pt\/empresa\/","name":"EMPRESA - 296 Servi\u00e7os","isPartOf":{"@id":"https:\/\/296servicos.pt\/#website"},"primaryImageOfPage":{"@id":"https:\/\/296servicos.pt\/empresa\/#primaryimage"},"image":{"@id":"https:\/\/296servicos.pt\/empresa\/#primaryimage"},"thumbnailUrl":"https:\/\/296servicos.pt\/wp-content\/uploads\/2025\/12\/gardener-pruning-plant-with-garden-scissors.jpg","datePublished":"2025-12-05T15:03:19+00:00","dateModified":"2025-12-05T17:32:32+00:00","description":"296 Servi\u00e7os is a company specialising in comprehensive, customised solutions in the areas of cleaning, gardening and minor repairs for both private and professional clients, as well as a professional laundry service.","breadcrumb":{"@id":"https:\/\/296servicos.pt\/empresa\/#breadcrumb"},"inLanguage":"en-GB","potentialAction":[{"@type":"ReadAction","target":["https:\/\/296servicos.pt\/empresa\/"]}]},{"@type":"ImageObject","inLanguage":"en-GB","@id":"https:\/\/296servicos.pt\/empresa\/#primaryimage","url":"https:\/\/296servicos.pt\/wp-content\/uploads\/2025\/12\/gardener-pruning-plant-with-garden-scissors.jpg","contentUrl":"https:\/\/296servicos.pt\/wp-content\/uploads\/2025\/12\/gardener-pruning-plant-with-garden-scissors.jpg","width":1920,"height":1280},{"@type":"BreadcrumbList","@id":"https:\/\/296servicos.pt\/empresa\/#breadcrumb","itemListElement":[{"@type":"ListItem","position":1,"name":"In\u00edcio","item":"https:\/\/296servicos.pt\/"},{"@type":"ListItem","position":2,"name":"Empresa"}]},{"@type":"WebSite","@id":"https:\/\/296servicos.pt\/#website","url":"https:\/\/296servicos.pt\/","name":"296 Servi\u00e7os","description":"Solu\u00e7\u00f5es em limpeza, jardinagem e pequenas repara\u00e7\u00f5es em S\u00e3o Miguel A\u00e7ores","publisher":{"@id":"https:\/\/296servicos.pt\/#organization"},"potentialAction":[{"@type":"SearchAction","target":{"@type":"EntryPoint","urlTemplate":"https:\/\/296servicos.pt\/?s={search_term_string}"},"query-input":{"@type":"PropertyValueSpecification","valueRequired":true,"valueName":"search_term_string"}}],"inLanguage":"en-GB"},{"@type":"Organization","@id":"https:\/\/296servicos.pt\/#organization","name":"296 Servi\u00e7os","url":"https:\/\/296servicos.pt\/","logo":{"@type":"ImageObject","inLanguage":"en-GB","@id":"https:\/\/296servicos.pt\/#\/schema\/logo\/image\/","url":"https:\/\/296servicos.pt\/wp-content\/uploads\/2025\/12\/logo296auto.png","contentUrl":"https:\/\/296servicos.pt\/wp-content\/uploads\/2025\/12\/logo296auto.png","width":573,"height":472,"caption":"296 Servi\u00e7os"},"image":{"@id":"https:\/\/296servicos.pt\/#\/schema\/logo\/image\/"},"sameAs":["https:\/\/www.facebook.com\/296grupo"]}]}},"_links":{"self":[{"href":"https:\/\/296servicos.pt\/en\/wp-json\/wp\/v2\/pages\/488","targetHints":{"allow":["GET"]}}],"collection":[{"href":"https:\/\/296servicos.pt\/en\/wp-json\/wp\/v2\/pages"}],"about":[{"href":"https:\/\/296servicos.pt\/en\/wp-json\/wp\/v2\/types\/page"}],"author":[{"embeddable":true,"href":"https:\/\/296servicos.pt\/en\/wp-json\/wp\/v2\/users\/1"}],"replies":[{"embeddable":true,"href":"https:\/\/296servicos.pt\/en\/wp-json\/wp\/v2\/comments?post=488"}],"version-history":[{"count":0,"href":"https:\/\/296servicos.pt\/en\/wp-json\/wp\/v2\/pages\/488\/revisions"}],"wp:featuredmedia":[{"embeddable":true,"href":"https:\/\/296servicos.pt\/en\/wp-json\/wp\/v2\/media\/302"}],"wp:attachment":[{"href":"https:\/\/296servicos.pt\/en\/wp-json\/wp\/v2\/media?parent=488"}],"curies":[{"name":"wp","href":"https:\/\/api.w.org\/{rel}","templated":true}]}}